{"id":1295,"date":"2023-03-14T14:17:26","date_gmt":"2023-03-14T14:17:26","guid":{"rendered":"https:\/\/tecnologia.vamtam.com\/?page_id=1295"},"modified":"2025-05-07T15:07:00","modified_gmt":"2025-05-07T12:07:00","slug":"ekibimiz","status":"publish","type":"page","link":"https:\/\/binord.com.tr\/en\/ekibimiz\/","title":{"rendered":"Our Team"},"content":{"rendered":"<div data-elementor-type=\"wp-page\" data-elementor-id=\"1295\" class=\"elementor elementor-1295\" data-elementor-post-type=\"page\">\n\t\t\t\t\t\t<section class=\"elementor-section elementor-top-section elementor-element elementor-element-f3e7416 elementor-section-boxed elementor-section-height-default elementor-section-height-default\" data-id=\"f3e7416\" data-element_type=\"section\" data-e-type=\"section\">\n\t\t\t\t\t\t<div class=\"elementor-container elementor-column-gap-default\">\n\t\t\t\t\t<div class=\"elementor-column elementor-col-100 elementor-top-column elementor-element elementor-element-aac80cf\" data-id=\"aac80cf\" data-element_type=\"column\" data-e-type=\"column\">\n\t\t\t<div class=\"elementor-widget-wrap elementor-element-populated\">\n\t\t\t\t\t\t<div class=\"elementor-element elementor-element-b27fcfd animated-slow elementor-invisible elementor-widget elementor-widget-heading\" data-id=\"b27fcfd\" data-element_type=\"widget\" data-e-type=\"widget\" data-settings=\"{&quot;_animation&quot;:&quot;fadeIn&quot;,&quot;_animation_tablet&quot;:&quot;none&quot;}\" data-widget_type=\"heading.default\">\n\t\t\t\t<div class=\"elementor-widget-container\">\n\t\t\t\t\t<h1 class=\"elementor-heading-title elementor-size-default\">Get to know us better<\/h1>\t\t\t\t<\/div>\n\t\t\t\t<\/div>\n\t\t\t\t<div class=\"elementor-element elementor-element-51c7589 animated-slow elementor-invisible elementor-widget elementor-widget-heading\" data-id=\"51c7589\" data-element_type=\"widget\" data-e-type=\"widget\" data-settings=\"{&quot;_animation&quot;:&quot;fadeIn&quot;,&quot;_animation_tablet&quot;:&quot;none&quot;,&quot;_animation_delay&quot;:300}\" data-widget_type=\"heading.default\">\n\t\t\t\t<div class=\"elementor-widget-container\">\n\t\t\t\t\t<p class=\"elementor-heading-title elementor-size-default\">BINORD is an innovation company made up of brands that provide services in key sectors.<\/p>\t\t\t\t<\/div>\n\t\t\t\t<\/div>\n\t\t\t\t<div class=\"elementor-element elementor-element-3e0e17b elementor-widget elementor-widget-spacer\" data-id=\"3e0e17b\" data-element_type=\"widget\" data-e-type=\"widget\" data-widget_type=\"spacer.default\">\n\t\t\t\t<div class=\"elementor-widget-container\">\n\t\t\t\t\t\t\t<div class=\"elementor-spacer\">\n\t\t\t<div class=\"elementor-spacer-inner\"><\/div>\n\t\t<\/div>\n\t\t\t\t\t\t<\/div>\n\t\t\t\t<\/div>\n\t\t\t\t\t<\/div>\n\t\t<\/div>\n\t\t\t\t\t<\/div>\n\t\t<\/section>\n\t\t\t\t<section class=\"elementor-section elementor-top-section elementor-element elementor-element-1fbb34f elementor-section-boxed elementor-section-height-default elementor-section-height-default\" data-id=\"1fbb34f\" data-element_type=\"section\" data-e-type=\"section\">\n\t\t\t\t\t\t<div class=\"elementor-container elementor-column-gap-default\">\n\t\t\t\t\t<div class=\"elementor-column elementor-col-100 elementor-top-column elementor-element elementor-element-ab5271d\" data-id=\"ab5271d\" data-element_type=\"column\" data-e-type=\"column\" data-settings=\"{&quot;background_background&quot;:&quot;classic&quot;}\">\n\t\t\t<div class=\"elementor-widget-wrap elementor-element-populated\">\n\t\t\t\t\t\t<div class=\"elementor-element elementor-element-dd317ad elementor-widget elementor-widget-spacer\" data-id=\"dd317ad\" data-element_type=\"widget\" data-e-type=\"widget\" data-widget_type=\"spacer.default\">\n\t\t\t\t<div class=\"elementor-widget-container\">\n\t\t\t\t\t\t\t<div class=\"elementor-spacer\">\n\t\t\t<div class=\"elementor-spacer-inner\"><\/div>\n\t\t<\/div>\n\t\t\t\t\t\t<\/div>\n\t\t\t\t<\/div>\n\t\t\t\t\t<\/div>\n\t\t<\/div>\n\t\t\t\t\t<\/div>\n\t\t<\/section>\n\t\t\t\t<section class=\"elementor-section elementor-top-section elementor-element elementor-element-f6cedbf elementor-section-boxed elementor-section-height-default elementor-section-height-default\" data-id=\"f6cedbf\" data-element_type=\"section\" data-e-type=\"section\">\n\t\t\t\t\t\t<div class=\"elementor-container elementor-column-gap-no\">\n\t\t\t\t\t<div class=\"elementor-column elementor-col-100 elementor-top-column elementor-element elementor-element-f31fb7a\" data-id=\"f31fb7a\" data-element_type=\"column\" data-e-type=\"column\">\n\t\t\t<div class=\"elementor-widget-wrap elementor-element-populated\">\n\t\t\t\t\t\t<div class=\"elementor-element elementor-element-7e2522f elementor-widget elementor-widget-text-editor\" data-id=\"7e2522f\" data-element_type=\"widget\" data-e-type=\"widget\" data-widget_type=\"text-editor.default\">\n\t\t\t\t<div class=\"elementor-widget-container\">\n\t\t\t\t\t\t\t\t\t<p style=\"text-align: left;\"><span style=\"color: #000000; font-family: Inter;\"><span style=\"word-spacing: 1px;\">Our team, composed of professionals who are talented in their areas of expertise and have an innovative approach, embraces a culture of collaboration and creativity to deliver effective services and solutions to all BINORD brands.<\/span><\/span><\/p>\t\t\t\t\t\t\t\t<\/div>\n\t\t\t\t<\/div>\n\t\t\t\t\t<\/div>\n\t\t<\/div>\n\t\t\t\t\t<\/div>\n\t\t<\/section>\n\t\t\t\t<section class=\"elementor-section elementor-top-section elementor-element elementor-element-84dc08f elementor-section-boxed elementor-section-height-default elementor-section-height-default\" data-id=\"84dc08f\" data-element_type=\"section\" data-e-type=\"section\">\n\t\t\t\t\t\t<div class=\"elementor-container elementor-column-gap-no\">\n\t\t\t\t\t<div class=\"elementor-column elementor-col-100 elementor-top-column elementor-element elementor-element-4bc4163\" data-id=\"4bc4163\" data-element_type=\"column\" data-e-type=\"column\" data-settings=\"{&quot;background_background&quot;:&quot;classic&quot;,&quot;background_motion_fx_motion_fx_scrolling&quot;:&quot;yes&quot;,&quot;background_motion_fx_translateY_effect&quot;:&quot;yes&quot;,&quot;background_motion_fx_translateY_speed&quot;:{&quot;unit&quot;:&quot;px&quot;,&quot;size&quot;:3,&quot;sizes&quot;:[]},&quot;background_motion_fx_devices&quot;:[&quot;desktop&quot;],&quot;background_motion_fx_translateY_affectedRange&quot;:{&quot;unit&quot;:&quot;%&quot;,&quot;size&quot;:&quot;&quot;,&quot;sizes&quot;:{&quot;start&quot;:0,&quot;end&quot;:100}}}\">\n\t\t\t<div class=\"elementor-widget-wrap elementor-element-populated\">\n\t\t\t\t\t\t<div class=\"elementor-element elementor-element-3a62d7e elementor-widget elementor-widget-heading\" data-id=\"3a62d7e\" data-element_type=\"widget\" data-e-type=\"widget\" data-widget_type=\"heading.default\">\n\t\t\t\t<div class=\"elementor-widget-container\">\n\t\t\t\t\t<h2 class=\"elementor-heading-title elementor-size-default\">Our Team<\/h2>\t\t\t\t<\/div>\n\t\t\t\t<\/div>\n\t\t\t\t<div class=\"vamtam-has-theme-widget-styles elementor-element elementor-element-6a0c7cd elementor-widget elementor-widget-button\" data-id=\"6a0c7cd\" data-element_type=\"widget\" data-e-type=\"widget\" data-widget_type=\"button.default\">\n\t\t\t\t<div class=\"elementor-widget-container\">\n\t\t\t\t\t\t\t\t\t<div class=\"elementor-button-wrapper\">\n\t\t\t\t\t<a class=\"elementor-button elementor-button-link elementor-size-sm\" href=\"https:\/\/binord.com.tr\/en\/iletisim\/\" target=\"_blank\">\n\t\t\t\t\t\t<span class=\"elementor-button-content-wrapper\">\n\t\t\t\t\t\t\t\t\t<span class=\"elementor-button-text\">Career<\/span>\n\t\t\t\t\t<\/span>\n\t\t\t\t\t<\/a>\n\t\t\t\t<\/div>\n\t\t\t\t\t\t\t\t<\/div>\n\t\t\t\t<\/div>\n\t\t\t\t<div class=\"elementor-element elementor-element-178268e elementor-widget elementor-widget-heading\" data-id=\"178268e\" data-element_type=\"widget\" data-e-type=\"widget\" data-widget_type=\"heading.default\">\n\t\t\t\t<div class=\"elementor-widget-container\">\n\t\t\t\t\t<h3 class=\"elementor-heading-title elementor-size-default\">BINORD Architecture<\/h3>\t\t\t\t<\/div>\n\t\t\t\t<\/div>\n\t\t\t\t<div class=\"elementor-element elementor-element-a2779d2 elementor-widget elementor-widget-spacer\" data-id=\"a2779d2\" data-element_type=\"widget\" data-e-type=\"widget\" data-widget_type=\"spacer.default\">\n\t\t\t\t<div class=\"elementor-widget-container\">\n\t\t\t\t\t\t\t<div class=\"elementor-spacer\">\n\t\t\t<div class=\"elementor-spacer-inner\"><\/div>\n\t\t<\/div>\n\t\t\t\t\t\t<\/div>\n\t\t\t\t<\/div>\n\t\t\t\t\t<\/div>\n\t\t<\/div>\n\t\t\t\t\t<\/div>\n\t\t<\/section>\n\t\t\t\t<section class=\"elementor-section elementor-top-section elementor-element elementor-element-816e3d8 elementor-section-boxed elementor-section-height-default elementor-section-height-default\" data-id=\"816e3d8\" data-element_type=\"section\" data-e-type=\"section\">\n\t\t\t\t\t\t<div class=\"elementor-container elementor-column-gap-no\">\n\t\t\t\t\t<div class=\"elementor-column elementor-col-100 elementor-top-column elementor-element elementor-element-7794afb\" data-id=\"7794afb\" data-element_type=\"column\" data-e-type=\"column\">\n\t\t\t<div class=\"elementor-widget-wrap elementor-element-populated\">\n\t\t\t\t\t\t<div class=\"vamtam-has-theme-widget-styles elementor-element elementor-element-d25ac44 elementor-grid-6 elementor-posts--align-center elementor-grid-tablet-2 elementor-grid-mobile-1 elementor-posts--thumbnail-top elementor-widget elementor-widget-posts\" data-id=\"d25ac44\" data-element_type=\"widget\" data-e-type=\"widget\" data-settings=\"{&quot;vamtam_classic_columns&quot;:&quot;6&quot;,&quot;vamtam_classic_row_gap&quot;:{&quot;unit&quot;:&quot;px&quot;,&quot;size&quot;:30,&quot;sizes&quot;:[]},&quot;vamtam_classic_columns_tablet&quot;:&quot;2&quot;,&quot;vamtam_classic_columns_mobile&quot;:&quot;1&quot;,&quot;vamtam_classic_row_gap_tablet&quot;:{&quot;unit&quot;:&quot;px&quot;,&quot;size&quot;:&quot;&quot;,&quot;sizes&quot;:[]},&quot;vamtam_classic_row_gap_mobile&quot;:{&quot;unit&quot;:&quot;px&quot;,&quot;size&quot;:&quot;&quot;,&quot;sizes&quot;:[]}}\" data-widget_type=\"posts.vamtam_classic\">\n\t\t\t\t<div class=\"elementor-widget-container\">\n\t\t\t\t\t\t\t<div class=\"elementor-posts-container elementor-posts elementor-posts--skin-vamtam_classic elementor-grid\" role=\"list\">\n\t\t\t\t<article class=\"elementor-post elementor-grid-item post-988087 page type-page status-publish has-post-thumbnail hentry\" role=\"listitem\">\n\t\t\t\t<a class=\"elementor-post__thumbnail__link\" href=\"https:\/\/binord.com.tr\/en\/ekibimiz\/ugur-veysel-bingol\/\" tabindex=\"-1\" >\n\t\t\t<div class=\"elementor-post__thumbnail\"><img fetchpriority=\"high\" decoding=\"async\" width=\"596\" height=\"784\" src=\"https:\/\/binord.com.tr\/wp-content\/uploads\/2023\/09\/ugur-veysel-bingol.jpg\" class=\"attachment-large size-large wp-image-988104\" alt=\"u\u011fur veysel bingol\" srcset=\"https:\/\/binord.com.tr\/wp-content\/uploads\/2023\/09\/ugur-veysel-bingol.jpg 596w, https:\/\/binord.com.tr\/wp-content\/uploads\/2023\/09\/ugur-veysel-bingol-228x300.jpg 228w\" sizes=\"(max-width: 596px) 100vw, 596px\" \/><\/div>\n\t\t<\/a>\n\t\t\t\t<div class=\"elementor-post__text\">\n\t\t\t\t<h3 class=\"elementor-post__title\">\n\t\t\t<a href=\"https:\/\/binord.com.tr\/en\/ekibimiz\/ugur-veysel-bingol\/\" >\n\t\t\t\tU\u011fur Veysel Bing\u00f6l\t\t\t<\/a>\n\t\t<\/h3>\n\t\t\t\t<div class=\"elementor-post__excerpt\">\n\t\t\t<p>Board Member<\/p>\n\t\t<\/div>\n\t\t\t\t<\/div>\n\t\t\t\t<\/article>\n\t\t\t\t<article class=\"elementor-post elementor-grid-item post-6236 page type-page status-publish has-post-thumbnail hentry\" role=\"listitem\">\n\t\t\t\t<a class=\"elementor-post__thumbnail__link\" href=\"https:\/\/binord.com.tr\/en\/ekibimiz\/ceren-gunacti\/\" tabindex=\"-1\" >\n\t\t\t<div class=\"elementor-post__thumbnail\"><img decoding=\"async\" width=\"596\" height=\"784\" src=\"https:\/\/binord.com.tr\/wp-content\/uploads\/2023\/09\/ceren-gunacti.jpg\" class=\"attachment-large size-large wp-image-988137\" alt=\"ceren g\u00fcna\u00e7t\u0131\" srcset=\"https:\/\/binord.com.tr\/wp-content\/uploads\/2023\/09\/ceren-gunacti.jpg 596w, https:\/\/binord.com.tr\/wp-content\/uploads\/2023\/09\/ceren-gunacti-228x300.jpg 228w\" sizes=\"(max-width: 596px) 100vw, 596px\" \/><\/div>\n\t\t<\/a>\n\t\t\t\t<div class=\"elementor-post__text\">\n\t\t\t\t<h3 class=\"elementor-post__title\">\n\t\t\t<a href=\"https:\/\/binord.com.tr\/en\/ekibimiz\/ceren-gunacti\/\" >\n\t\t\t\tCeren G\u00fcna\u00e7t\u0131\t\t\t<\/a>\n\t\t<\/h3>\n\t\t\t\t<div class=\"elementor-post__excerpt\">\n\t\t\t<p>Senior Architect<\/p>\n\t\t<\/div>\n\t\t\t\t<\/div>\n\t\t\t\t<\/article>\n\t\t\t\t<article class=\"elementor-post elementor-grid-item post-988519 page type-page status-publish has-post-thumbnail hentry\" role=\"listitem\">\n\t\t\t\t<a class=\"elementor-post__thumbnail__link\" href=\"https:\/\/binord.com.tr\/en\/ekibimiz\/oguz-karakas\/\" tabindex=\"-1\" >\n\t\t\t<div class=\"elementor-post__thumbnail\"><img decoding=\"async\" width=\"596\" height=\"784\" src=\"https:\/\/binord.com.tr\/wp-content\/uploads\/2025\/05\/oguz-karakas.png\" class=\"attachment-large size-large wp-image-988505\" alt=\"\" srcset=\"https:\/\/binord.com.tr\/wp-content\/uploads\/2025\/05\/oguz-karakas.png 596w, https:\/\/binord.com.tr\/wp-content\/uploads\/2025\/05\/oguz-karakas-228x300.png 228w, https:\/\/binord.com.tr\/wp-content\/uploads\/2025\/05\/oguz-karakas-9x12.png 9w\" sizes=\"(max-width: 596px) 100vw, 596px\" \/><\/div>\n\t\t<\/a>\n\t\t\t\t<div class=\"elementor-post__text\">\n\t\t\t\t<h3 class=\"elementor-post__title\">\n\t\t\t<a href=\"https:\/\/binord.com.tr\/en\/ekibimiz\/oguz-karakas\/\" >\n\t\t\t\tO\u011fuz Karaka\u015f\t\t\t<\/a>\n\t\t<\/h3>\n\t\t\t\t<div class=\"elementor-post__excerpt\">\n\t\t\t<p>Interior Architect<\/p>\n\t\t<\/div>\n\t\t\t\t<\/div>\n\t\t\t\t<\/article>\n\t\t\t\t<\/div>\n\t\t\n\t\t\t\t\t\t<\/div>\n\t\t\t\t<\/div>\n\t\t\t\t<div class=\"elementor-element elementor-element-81fc6c6 elementor-widget elementor-widget-heading\" data-id=\"81fc6c6\" data-element_type=\"widget\" data-e-type=\"widget\" data-widget_type=\"heading.default\">\n\t\t\t\t<div class=\"elementor-widget-container\">\n\t\t\t\t\t<h3 class=\"elementor-heading-title elementor-size-default\">Teknorova<\/h3>\t\t\t\t<\/div>\n\t\t\t\t<\/div>\n\t\t\t\t<div class=\"vamtam-has-theme-widget-styles elementor-element elementor-element-008ea45 elementor-grid-6 elementor-posts--align-center elementor-grid-tablet-2 elementor-grid-mobile-1 elementor-posts--thumbnail-top elementor-widget elementor-widget-posts\" data-id=\"008ea45\" data-element_type=\"widget\" data-e-type=\"widget\" data-settings=\"{&quot;vamtam_classic_columns&quot;:&quot;6&quot;,&quot;vamtam_classic_row_gap&quot;:{&quot;unit&quot;:&quot;px&quot;,&quot;size&quot;:30,&quot;sizes&quot;:[]},&quot;vamtam_classic_columns_tablet&quot;:&quot;2&quot;,&quot;vamtam_classic_columns_mobile&quot;:&quot;1&quot;,&quot;vamtam_classic_row_gap_tablet&quot;:{&quot;unit&quot;:&quot;px&quot;,&quot;size&quot;:&quot;&quot;,&quot;sizes&quot;:[]},&quot;vamtam_classic_row_gap_mobile&quot;:{&quot;unit&quot;:&quot;px&quot;,&quot;size&quot;:&quot;&quot;,&quot;sizes&quot;:[]}}\" data-widget_type=\"posts.vamtam_classic\">\n\t\t\t\t<div class=\"elementor-widget-container\">\n\t\t\t\t\t\t\t<div class=\"elementor-posts-container elementor-posts elementor-posts--skin-vamtam_classic elementor-grid\" role=\"list\">\n\t\t\t\t<article class=\"elementor-post elementor-grid-item post-6227 page type-page status-publish has-post-thumbnail hentry\" role=\"listitem\">\n\t\t\t\t<a class=\"elementor-post__thumbnail__link\" href=\"https:\/\/binord.com.tr\/en\/ekibimiz\/dan-zalman\/\" tabindex=\"-1\" >\n\t\t\t<div class=\"elementor-post__thumbnail\"><img loading=\"lazy\" decoding=\"async\" width=\"596\" height=\"784\" src=\"https:\/\/binord.com.tr\/wp-content\/uploads\/2023\/03\/pexels-fauxels-3228916.jpg\" class=\"attachment-large size-large wp-image-6228\" alt=\"\" srcset=\"https:\/\/binord.com.tr\/wp-content\/uploads\/2023\/03\/pexels-fauxels-3228916.jpg 596w, https:\/\/binord.com.tr\/wp-content\/uploads\/2023\/03\/pexels-fauxels-3228916-228x300.jpg 228w\" sizes=\"(max-width: 596px) 100vw, 596px\" \/><\/div>\n\t\t<\/a>\n\t\t\t\t<div class=\"elementor-post__text\">\n\t\t\t\t<h3 class=\"elementor-post__title\">\n\t\t\t<a href=\"https:\/\/binord.com.tr\/en\/ekibimiz\/dan-zalman\/\" >\n\t\t\t\tDan Zalman\t\t\t<\/a>\n\t\t<\/h3>\n\t\t\t\t<div class=\"elementor-post__excerpt\">\n\t\t\t<p>Support Specialist<\/p>\n\t\t<\/div>\n\t\t\t\t<\/div>\n\t\t\t\t<\/article>\n\t\t\t\t<article class=\"elementor-post elementor-grid-item post-6224 page type-page status-publish has-post-thumbnail hentry\" role=\"listitem\">\n\t\t\t\t<a class=\"elementor-post__thumbnail__link\" href=\"https:\/\/binord.com.tr\/en\/ekibimiz\/javier-morales\/\" tabindex=\"-1\" >\n\t\t\t<div class=\"elementor-post__thumbnail\"><img loading=\"lazy\" decoding=\"async\" width=\"596\" height=\"784\" src=\"https:\/\/binord.com.tr\/wp-content\/uploads\/2023\/03\/pexels-pixabay-220453-1.jpg\" class=\"attachment-large size-large wp-image-6225\" alt=\"\" srcset=\"https:\/\/binord.com.tr\/wp-content\/uploads\/2023\/03\/pexels-pixabay-220453-1.jpg 596w, https:\/\/binord.com.tr\/wp-content\/uploads\/2023\/03\/pexels-pixabay-220453-1-228x300.jpg 228w\" sizes=\"(max-width: 596px) 100vw, 596px\" \/><\/div>\n\t\t<\/a>\n\t\t\t\t<div class=\"elementor-post__text\">\n\t\t\t\t<h3 class=\"elementor-post__title\">\n\t\t\t<a href=\"https:\/\/binord.com.tr\/en\/ekibimiz\/javier-morales\/\" >\n\t\t\t\tJavier Morales\t\t\t<\/a>\n\t\t<\/h3>\n\t\t\t\t<div class=\"elementor-post__excerpt\">\n\t\t\t<p>Support Specialist<\/p>\n\t\t<\/div>\n\t\t\t\t<\/div>\n\t\t\t\t<\/article>\n\t\t\t\t<\/div>\n\t\t\n\t\t\t\t\t\t<\/div>\n\t\t\t\t<\/div>\n\t\t\t\t\t<\/div>\n\t\t<\/div>\n\t\t\t\t\t<\/div>\n\t\t<\/section>\n\t\t\t\t<\/div>","protected":false},"excerpt":{"rendered":"<p>Bizi yak\u0131ndan tan\u0131y\u0131n\u200b BINORD, kilit sekt\u00f6rlerde hizmet sunan markalardan olu\u015fan bir inovasyon \u015firketidir. Her biri uzmanl\u0131k alan\u0131nda yetenekli, yenilik\u00e7i bir yakla\u015f\u0131ma sahip profesyonellerden olu\u015fan ekibimiz, BINORD&#8217;un t\u00fcm markalar\u0131na etkili hizmetler ve \u00e7\u00f6z\u00fcmler sunmak i\u00e7in i\u015fbirli\u011fi ve yarat\u0131c\u0131l\u0131k k\u00fclt\u00fcr\u00fcn\u00fc benimsemektedir. Ekibimiz Kariyer BINORD Architecture Teknorova<\/p>","protected":false},"author":1,"featured_media":6218,"parent":0,"menu_order":0,"comment_status":"closed","ping_status":"closed","template":"","meta":{"inline_featured_image":false,"footnotes":""},"class_list":["post-1295","page","type-page","status-publish","has-post-thumbnail","hentry"],"_links":{"self":[{"href":"https:\/\/binord.com.tr\/en\/wp-json\/wp\/v2\/pages\/1295","targetHints":{"allow":["GET"]}}],"collection":[{"href":"https:\/\/binord.com.tr\/en\/wp-json\/wp\/v2\/pages"}],"about":[{"href":"https:\/\/binord.com.tr\/en\/wp-json\/wp\/v2\/types\/page"}],"author":[{"embeddable":true,"href":"https:\/\/binord.com.tr\/en\/wp-json\/wp\/v2\/users\/1"}],"replies":[{"embeddable":true,"href":"https:\/\/binord.com.tr\/en\/wp-json\/wp\/v2\/comments?post=1295"}],"version-history":[{"count":40,"href":"https:\/\/binord.com.tr\/en\/wp-json\/wp\/v2\/pages\/1295\/revisions"}],"predecessor-version":[{"id":988570,"href":"https:\/\/binord.com.tr\/en\/wp-json\/wp\/v2\/pages\/1295\/revisions\/988570"}],"wp:featuredmedia":[{"embeddable":true,"href":"https:\/\/binord.com.tr\/en\/wp-json\/wp\/v2\/media\/6218"}],"wp:attachment":[{"href":"https:\/\/binord.com.tr\/en\/wp-json\/wp\/v2\/media?parent=1295"}],"curies":[{"name":"wp","href":"https:\/\/api.w.org\/{rel}","templated":true}]}}