{"id":1314,"date":"2023-03-14T14:21:56","date_gmt":"2023-03-14T14:21:56","guid":{"rendered":"https:\/\/tecnologia.vamtam.com\/?page_id=1314"},"modified":"2023-09-15T15:31:09","modified_gmt":"2023-09-15T12:31:09","slug":"sss","status":"publish","type":"page","link":"https:\/\/binord.com.tr\/en\/sss\/","title":{"rendered":"FAQ"},"content":{"rendered":"<div data-elementor-type=\"wp-page\" data-elementor-id=\"1314\" class=\"elementor elementor-1314\" data-elementor-post-type=\"page\">\n\t\t\t\t\t\t<section class=\"elementor-section elementor-top-section elementor-element elementor-element-a668bb8 elementor-section-boxed elementor-section-height-default elementor-section-height-default\" data-id=\"a668bb8\" data-element_type=\"section\" data-e-type=\"section\">\n\t\t\t\t\t\t<div class=\"elementor-container elementor-column-gap-default\">\n\t\t\t\t\t<div class=\"elementor-column elementor-col-100 elementor-top-column elementor-element elementor-element-4410990\" data-id=\"4410990\" data-element_type=\"column\" data-e-type=\"column\">\n\t\t\t<div class=\"elementor-widget-wrap elementor-element-populated\">\n\t\t\t\t\t\t<div class=\"elementor-element elementor-element-09e697d animated-slow elementor-invisible elementor-widget elementor-widget-heading\" data-id=\"09e697d\" data-element_type=\"widget\" data-e-type=\"widget\" data-settings=\"{&quot;_animation&quot;:&quot;fadeIn&quot;,&quot;_animation_tablet&quot;:&quot;none&quot;}\" data-widget_type=\"heading.default\">\n\t\t\t\t<div class=\"elementor-widget-container\">\n\t\t\t\t\t<h1 class=\"elementor-heading-title elementor-size-default\">S\u0131k\u00e7a Sorulan Sorular<\/h1>\t\t\t\t<\/div>\n\t\t\t\t<\/div>\n\t\t\t\t<div class=\"elementor-element elementor-element-6740fe5 elementor-widget elementor-widget-spacer\" data-id=\"6740fe5\" data-element_type=\"widget\" data-e-type=\"widget\" data-widget_type=\"spacer.default\">\n\t\t\t\t<div class=\"elementor-widget-container\">\n\t\t\t\t\t\t\t<div class=\"elementor-spacer\">\n\t\t\t<div class=\"elementor-spacer-inner\"><\/div>\n\t\t<\/div>\n\t\t\t\t\t\t<\/div>\n\t\t\t\t<\/div>\n\t\t\t\t\t<\/div>\n\t\t<\/div>\n\t\t\t\t\t<\/div>\n\t\t<\/section>\n\t\t\t\t<section class=\"elementor-section elementor-top-section elementor-element elementor-element-d87787f elementor-section-boxed elementor-section-height-default elementor-section-height-default\" data-id=\"d87787f\" data-element_type=\"section\" data-e-type=\"section\">\n\t\t\t\t\t\t<div class=\"elementor-container elementor-column-gap-no\">\n\t\t\t\t\t<div class=\"elementor-column elementor-col-100 elementor-top-column elementor-element elementor-element-aadef22\" data-id=\"aadef22\" data-element_type=\"column\" data-e-type=\"column\" data-settings=\"{&quot;background_background&quot;:&quot;classic&quot;}\">\n\t\t\t<div class=\"elementor-widget-wrap elementor-element-populated\">\n\t\t\t\t\t\t<div class=\"vamtam-has-theme-widget-styles elementor-element elementor-element-124be31 elementor-widget elementor-widget-toggle\" data-id=\"124be31\" data-element_type=\"widget\" data-e-type=\"widget\" data-widget_type=\"toggle.default\">\n\t\t\t\t<div class=\"elementor-widget-container\">\n\t\t\t\t\t\t\t<div class=\"elementor-toggle\">\n\t\t\t\t\t\t\t<div class=\"elementor-toggle-item\">\n\t\t\t\t\t<h3 id=\"elementor-tab-title-1911\" class=\"elementor-tab-title\" data-tab=\"1\" role=\"button\" aria-controls=\"elementor-tab-content-1911\" aria-expanded=\"false\">\n\t\t\t\t\t\t\t\t\t\t\t\t<span class=\"elementor-toggle-icon elementor-toggle-icon-right\" aria-hidden=\"true\">\n\t\t\t\t\t\t\t\t\t\t\t\t\t\t\t<span class=\"elementor-toggle-icon-closed\"><i class=\"vamtamtheme- vamtam-theme-plus\"><\/i><\/span>\n\t\t\t\t\t\t\t\t<span class=\"elementor-toggle-icon-opened\"><i class=\"elementor-toggle-icon-opened vamtamtheme- vamtam-theme-minus\"><\/i><\/span>\n\t\t\t\t\t\t\t\t\t\t\t\t\t<\/span>\n\t\t\t\t\t\t\t\t\t\t\t\t<a class=\"elementor-toggle-title\" tabindex=\"0\">Mimarl\u0131k ve \u0130n\u015faat hizmetleriniz neleri kaps\u0131yor?<\/a>\n\t\t\t\t\t<\/h3>\n\n\t\t\t\t\t<div id=\"elementor-tab-content-1911\" class=\"elementor-tab-content elementor-clearfix\" data-tab=\"1\" role=\"region\" aria-labelledby=\"elementor-tab-title-1911\"><p>BINORD Architecture olarak, mimarl\u0131k ve \u0130n\u015faat hizmetlerimizde proje tasar\u0131m\u0131ndan ba\u015flayarak in\u015faat\u0131n sonuna kadar uzan\u0131r. Konutlar, ticari binalar, kamu yap\u0131lar\u0131 ve daha fazlas\u0131 i\u00e7in \u00f6zel \u00e7\u00f6z\u00fcmler sunuyoruz. Tasar\u0131m, proje y\u00f6netimi, in\u015faat y\u00f6netimi ve dan\u0131\u015fmanl\u0131k gibi alanlarda size yard\u0131mc\u0131 olabiliriz.<\/p><\/div>\n\t\t\t\t<\/div>\n\t\t\t\t\t\t\t<div class=\"elementor-toggle-item\">\n\t\t\t\t\t<h3 id=\"elementor-tab-title-1912\" class=\"elementor-tab-title\" data-tab=\"2\" role=\"button\" aria-controls=\"elementor-tab-content-1912\" aria-expanded=\"false\">\n\t\t\t\t\t\t\t\t\t\t\t\t<span class=\"elementor-toggle-icon elementor-toggle-icon-right\" aria-hidden=\"true\">\n\t\t\t\t\t\t\t\t\t\t\t\t\t\t\t<span class=\"elementor-toggle-icon-closed\"><i class=\"vamtamtheme- vamtam-theme-plus\"><\/i><\/span>\n\t\t\t\t\t\t\t\t<span class=\"elementor-toggle-icon-opened\"><i class=\"elementor-toggle-icon-opened vamtamtheme- vamtam-theme-minus\"><\/i><\/span>\n\t\t\t\t\t\t\t\t\t\t\t\t\t<\/span>\n\t\t\t\t\t\t\t\t\t\t\t\t<a class=\"elementor-toggle-title\" tabindex=\"0\">Domain Hosting Sa\u011flay\u0131c\u0131l\u0131\u011f\u0131 hizmetinizde hangi \u00f6zellikleri sunuyorsunuz?<\/a>\n\t\t\t\t\t<\/h3>\n\n\t\t\t\t\t<div id=\"elementor-tab-content-1912\" class=\"elementor-tab-content elementor-clearfix\" data-tab=\"2\" role=\"region\" aria-labelledby=\"elementor-tab-title-1912\"><p>Domain Hosting Sa\u011flay\u0131c\u0131l\u0131\u011f\u0131 hizmetimiz, h\u0131zl\u0131 ve g\u00fcvenilir hosting ve sunuculardan olu\u015fmaktad\u0131r. Y\u00fcksek h\u0131zl\u0131 veri aktar\u0131m\u0131, g\u00fc\u00e7l\u00fc g\u00fcvenlik \u00f6nlemleri ve 7\/24 teknik destek gibi avantajlar\u0131 i\u00e7erir.<\/p><\/div>\n\t\t\t\t<\/div>\n\t\t\t\t\t\t\t<div class=\"elementor-toggle-item\">\n\t\t\t\t\t<h3 id=\"elementor-tab-title-1913\" class=\"elementor-tab-title\" data-tab=\"3\" role=\"button\" aria-controls=\"elementor-tab-content-1913\" aria-expanded=\"false\">\n\t\t\t\t\t\t\t\t\t\t\t\t<span class=\"elementor-toggle-icon elementor-toggle-icon-right\" aria-hidden=\"true\">\n\t\t\t\t\t\t\t\t\t\t\t\t\t\t\t<span class=\"elementor-toggle-icon-closed\"><i class=\"vamtamtheme- vamtam-theme-plus\"><\/i><\/span>\n\t\t\t\t\t\t\t\t<span class=\"elementor-toggle-icon-opened\"><i class=\"elementor-toggle-icon-opened vamtamtheme- vamtam-theme-minus\"><\/i><\/span>\n\t\t\t\t\t\t\t\t\t\t\t\t\t<\/span>\n\t\t\t\t\t\t\t\t\t\t\t\t<a class=\"elementor-toggle-title\" tabindex=\"0\">Siber G\u00fcvenlik hizmetiniz hangi tehditlere kar\u015f\u0131 koruma sa\u011fl\u0131yor?<\/a>\n\t\t\t\t\t<\/h3>\n\n\t\t\t\t\t<div id=\"elementor-tab-content-1913\" class=\"elementor-tab-content elementor-clearfix\" data-tab=\"3\" role=\"region\" aria-labelledby=\"elementor-tab-title-1913\"><p style=\"text-align: left;\">Siber G\u00fcvenlik hizmetimiz, \u00e7e\u015fitli siber tehditlere kar\u015f\u0131 kapsaml\u0131 koruma sa\u011flar. Bu tehditler aras\u0131nda k\u00f6t\u00fc ama\u00e7l\u0131 yaz\u0131l\u0131m, veri s\u0131z\u0131nt\u0131lar\u0131, kimlik h\u0131rs\u0131zl\u0131\u011f\u0131 ve DDoS sald\u0131r\u0131lar\u0131 bulunur. Ayr\u0131ca, g\u00fcncel g\u00fcvenlik yamalar\u0131 ve sald\u0131r\u0131 izleme gibi proaktif \u00f6nlemler alarak sizi koruruz.<\/p><\/div>\n\t\t\t\t<\/div>\n\t\t\t\t\t\t\t<div class=\"elementor-toggle-item\">\n\t\t\t\t\t<h3 id=\"elementor-tab-title-1914\" class=\"elementor-tab-title\" data-tab=\"4\" role=\"button\" aria-controls=\"elementor-tab-content-1914\" aria-expanded=\"false\">\n\t\t\t\t\t\t\t\t\t\t\t\t<span class=\"elementor-toggle-icon elementor-toggle-icon-right\" aria-hidden=\"true\">\n\t\t\t\t\t\t\t\t\t\t\t\t\t\t\t<span class=\"elementor-toggle-icon-closed\"><i class=\"vamtamtheme- vamtam-theme-plus\"><\/i><\/span>\n\t\t\t\t\t\t\t\t<span class=\"elementor-toggle-icon-opened\"><i class=\"elementor-toggle-icon-opened vamtamtheme- vamtam-theme-minus\"><\/i><\/span>\n\t\t\t\t\t\t\t\t\t\t\t\t\t<\/span>\n\t\t\t\t\t\t\t\t\t\t\t\t<a class=\"elementor-toggle-title\" tabindex=\"0\">Dijital Ajans hizmetleriniz neleri i\u00e7eriyor?<\/a>\n\t\t\t\t\t<\/h3>\n\n\t\t\t\t\t<div id=\"elementor-tab-content-1914\" class=\"elementor-tab-content elementor-clearfix\" data-tab=\"4\" role=\"region\" aria-labelledby=\"elementor-tab-title-1914\"><p>Dijital Ajans olarak, web tasar\u0131m\u0131, dijital pazarlama stratejileri, SEO optimizasyonu, sosyal medya y\u00f6netimi ve reklam kampanyalar\u0131 gibi \u00e7e\u015fitli hizmetler sunuyoruz. \u0130nternet varl\u0131\u011f\u0131n\u0131z\u0131 g\u00fc\u00e7lendirmek ve hedef kitlenizle etkile\u015fimi art\u0131rmak i\u00e7in size \u00f6zel \u00e7\u00f6z\u00fcmler geli\u015ftiriyoruz.<\/p><\/div>\n\t\t\t\t<\/div>\n\t\t\t\t\t\t\t\t<\/div>\n\t\t\t\t\t\t<\/div>\n\t\t\t\t<\/div>\n\t\t\t\t\t<\/div>\n\t\t<\/div>\n\t\t\t\t\t<\/div>\n\t\t<\/section>\n\t\t\t\t<\/div>","protected":false},"excerpt":{"rendered":"<p>S\u0131k\u00e7a Sorulan Sorular Mimarl\u0131k ve \u0130n\u015faat hizmetleriniz neleri kaps\u0131yor? BINORD Architecture olarak, mimarl\u0131k ve \u0130n\u015faat hizmetlerimizde proje tasar\u0131m\u0131ndan ba\u015flayarak in\u015faat\u0131n sonuna kadar uzan\u0131r. Konutlar, ticari binalar, kamu yap\u0131lar\u0131 ve daha fazlas\u0131 i\u00e7in \u00f6zel \u00e7\u00f6z\u00fcmler sunuyoruz. Tasar\u0131m, proje y\u00f6netimi, in\u015faat y\u00f6netimi ve dan\u0131\u015fmanl\u0131k gibi alanlarda size yard\u0131mc\u0131 olabiliriz. Domain Hosting Sa\u011flay\u0131c\u0131l\u0131\u011f\u0131 hizmetinizde hangi \u00f6zellikleri sunuyorsunuz? Domain&#8230;<\/p>","protected":false},"author":1,"featured_media":0,"parent":0,"menu_order":0,"comment_status":"closed","ping_status":"closed","template":"","meta":{"inline_featured_image":false,"footnotes":""},"class_list":["post-1314","page","type-page","status-publish","hentry"],"_links":{"self":[{"href":"https:\/\/binord.com.tr\/en\/wp-json\/wp\/v2\/pages\/1314","targetHints":{"allow":["GET"]}}],"collection":[{"href":"https:\/\/binord.com.tr\/en\/wp-json\/wp\/v2\/pages"}],"about":[{"href":"https:\/\/binord.com.tr\/en\/wp-json\/wp\/v2\/types\/page"}],"author":[{"embeddable":true,"href":"https:\/\/binord.com.tr\/en\/wp-json\/wp\/v2\/users\/1"}],"replies":[{"embeddable":true,"href":"https:\/\/binord.com.tr\/en\/wp-json\/wp\/v2\/comments?post=1314"}],"version-history":[{"count":0,"href":"https:\/\/binord.com.tr\/en\/wp-json\/wp\/v2\/pages\/1314\/revisions"}],"wp:attachment":[{"href":"https:\/\/binord.com.tr\/en\/wp-json\/wp\/v2\/media?parent=1314"}],"curies":[{"name":"wp","href":"https:\/\/api.w.org\/{rel}","templated":true}]}}